{"id":966,"date":"2018-06-16T01:17:42","date_gmt":"2018-06-16T04:17:42","guid":{"rendered":"https:\/\/capobiancofisioterapia.com.br\/produtos\/?post_type=product&#038;p=966"},"modified":"2022-02-10T18:46:35","modified_gmt":"2022-02-10T21:46:35","slug":"travesseiro-de-viagem","status":"publish","type":"product","link":"https:\/\/capobiancofisioterapia.com.br\/produtos\/produto\/travesseiro-de-viagem\/","title":{"rendered":"Travesseiro de Viagem"},"content":{"rendered":"<ul>\n<li><b>Indica\u00e7\u00f5es<\/b>\n<ul>\n<li>Viagens de avi\u00e3o, carro ou \u00f4nibus<\/li>\n<li>Pessoas que j\u00e1 possuem alguma dor na regi\u00e3o cervical<\/li>\n<li>Indiv\u00edduos que sofrem de cefaleia<\/li>\n<li>Idosos<\/li>\n<li>Longas viagens<\/li>\n<\/ul>\n<\/li>\n<\/ul>\n","protected":false},"excerpt":{"rendered":"<p><span style=\"font-weight: 400;\">O travesseiro de Viagem QuiroPro oferece o apoio e o conforto necess\u00e1rio para a regi\u00e3o cervical durante o descanso, seja em casa ou em longas viagens de carro, \u00f4nibus, avi\u00e3o, etc&#8230; Seu formato foi desenvolvido para abra\u00e7ar todo o pesco\u00e7o a fim de minimizar a movimenta\u00e7\u00e3o durante as viagens, mantendo o alinhamento da coluna em rela\u00e7\u00e3o ao pesco\u00e7o, com conforto e seguran\u00e7a. Sua forma em &#8220;C&#8221; apoia toda a regi\u00e3o cervical, permitindo que os ombros e o pesco\u00e7o relaxem confortavelmente. O travesseiro para viagem QuiroPro \u00e9 feito em viscoel\u00e1stico. Vem protegido com capa de algod\u00e3o e poli\u00e9ster remov\u00edvel, que proporciona um toque agrad\u00e1vel e garante prote\u00e7\u00e3o ao travesseiro.<\/span><\/p>\n","protected":false},"featured_media":974,"comment_status":"open","ping_status":"closed","template":"","meta":[],"product_brand":[],"product_cat":[23],"product_tag":[],"class_list":{"0":"post-966","1":"product","2":"type-product","3":"status-publish","4":"has-post-thumbnail","6":"product_cat-quiropro","8":"first","9":"instock","10":"shipping-taxable","11":"purchasable","12":"product-type-simple"},"yoast_head":"<!-- This site is optimized with the Yoast SEO plugin v24.3 - https:\/\/yoast.com\/wordpress\/plugins\/seo\/ -->\n<title>Travesseiro de Viagem - Capobianco Fisioterapia<\/title>\n<meta name=\"robots\" content=\"index, follow, max-snippet:-1, max-image-preview:large, max-video-preview:-1\" \/>\n<link rel=\"canonical\" href=\"https:\/\/capobiancofisioterapia.com.br\/produtos\/produto\/travesseiro-de-viagem\/\" \/>\n<meta property=\"og:locale\" content=\"pt_BR\" \/>\n<meta property=\"og:type\" content=\"article\" \/>\n<meta property=\"og:title\" content=\"Travesseiro de Viagem - Capobianco Fisioterapia\" \/>\n<meta property=\"og:description\" content=\"O travesseiro de Viagem QuiroPro oferece o apoio e o conforto necess\u00e1rio para a regi\u00e3o cervical durante o descanso, seja em casa ou em longas viagens de carro, \u00f4nibus, avi\u00e3o, etc... Seu formato foi desenvolvido para abra\u00e7ar todo o pesco\u00e7o a fim de minimizar a movimenta\u00e7\u00e3o durante as viagens, mantendo o alinhamento da coluna em rela\u00e7\u00e3o ao pesco\u00e7o, com conforto e seguran\u00e7a. Sua forma em &quot;C&quot; apoia toda a regi\u00e3o cervical, permitindo que os ombros e o pesco\u00e7o relaxem confortavelmente. O travesseiro para viagem QuiroPro \u00e9 feito em viscoel\u00e1stico. Vem protegido com capa de algod\u00e3o e poli\u00e9ster remov\u00edvel, que proporciona um toque agrad\u00e1vel e garante prote\u00e7\u00e3o ao travesseiro.\" \/>\n<meta property=\"og:url\" content=\"https:\/\/capobiancofisioterapia.com.br\/produtos\/produto\/travesseiro-de-viagem\/\" \/>\n<meta property=\"og:site_name\" content=\"Capobianco Fisioterapia\" \/>\n<meta property=\"article:publisher\" content=\"https:\/\/www.facebook.com\/bruna.c.defaria\" \/>\n<meta property=\"article:modified_time\" content=\"2022-02-10T21:46:35+00:00\" \/>\n<meta property=\"og:image\" content=\"https:\/\/capobiancofisioterapia.com.br\/produtos\/wp-content\/uploads\/2018\/06\/image2-1.jpeg\" \/>\n\t<meta property=\"og:image:width\" content=\"400\" \/>\n\t<meta property=\"og:image:height\" content=\"356\" \/>\n\t<meta property=\"og:image:type\" content=\"image\/jpeg\" \/>\n<meta name=\"twitter:card\" content=\"summary_large_image\" \/>\n<script type=\"application\/ld+json\" class=\"yoast-schema-graph\">{\"@context\":\"https:\/\/schema.org\",\"@graph\":[{\"@type\":\"WebPage\",\"@id\":\"https:\/\/capobiancofisioterapia.com.br\/produtos\/produto\/travesseiro-de-viagem\/\",\"url\":\"https:\/\/capobiancofisioterapia.com.br\/produtos\/produto\/travesseiro-de-viagem\/\",\"name\":\"Travesseiro de Viagem - Capobianco Fisioterapia\",\"isPartOf\":{\"@id\":\"https:\/\/capobiancofisioterapia.com.br\/produtos\/#website\"},\"primaryImageOfPage\":{\"@id\":\"https:\/\/capobiancofisioterapia.com.br\/produtos\/produto\/travesseiro-de-viagem\/#primaryimage\"},\"image\":{\"@id\":\"https:\/\/capobiancofisioterapia.com.br\/produtos\/produto\/travesseiro-de-viagem\/#primaryimage\"},\"thumbnailUrl\":\"https:\/\/capobiancofisioterapia.com.br\/produtos\/wp-content\/uploads\/2018\/06\/image2-1.jpeg\",\"datePublished\":\"2018-06-16T04:17:42+00:00\",\"dateModified\":\"2022-02-10T21:46:35+00:00\",\"breadcrumb\":{\"@id\":\"https:\/\/capobiancofisioterapia.com.br\/produtos\/produto\/travesseiro-de-viagem\/#breadcrumb\"},\"inLanguage\":\"pt-BR\",\"potentialAction\":[{\"@type\":\"ReadAction\",\"target\":[\"https:\/\/capobiancofisioterapia.com.br\/produtos\/produto\/travesseiro-de-viagem\/\"]}]},{\"@type\":\"ImageObject\",\"inLanguage\":\"pt-BR\",\"@id\":\"https:\/\/capobiancofisioterapia.com.br\/produtos\/produto\/travesseiro-de-viagem\/#primaryimage\",\"url\":\"https:\/\/capobiancofisioterapia.com.br\/produtos\/wp-content\/uploads\/2018\/06\/image2-1.jpeg\",\"contentUrl\":\"https:\/\/capobiancofisioterapia.com.br\/produtos\/wp-content\/uploads\/2018\/06\/image2-1.jpeg\",\"width\":400,\"height\":356},{\"@type\":\"BreadcrumbList\",\"@id\":\"https:\/\/capobiancofisioterapia.com.br\/produtos\/produto\/travesseiro-de-viagem\/#breadcrumb\",\"itemListElement\":[{\"@type\":\"ListItem\",\"position\":1,\"name\":\"In\u00edcio\",\"item\":\"https:\/\/capobiancofisioterapia.com.br\/produtos\/\"},{\"@type\":\"ListItem\",\"position\":2,\"name\":\"Produtos\",\"item\":\"https:\/\/capobiancofisioterapia.com.br\/produtos\/\"},{\"@type\":\"ListItem\",\"position\":3,\"name\":\"Travesseiro de Viagem\"}]},{\"@type\":\"WebSite\",\"@id\":\"https:\/\/capobiancofisioterapia.com.br\/produtos\/#website\",\"url\":\"https:\/\/capobiancofisioterapia.com.br\/produtos\/\",\"name\":\"Bruna Capobianco\",\"description\":\"Transformando as incapacidades em possibilidades\",\"potentialAction\":[{\"@type\":\"SearchAction\",\"target\":{\"@type\":\"EntryPoint\",\"urlTemplate\":\"https:\/\/capobiancofisioterapia.com.br\/produtos\/?s={search_term_string}\"},\"query-input\":{\"@type\":\"PropertyValueSpecification\",\"valueRequired\":true,\"valueName\":\"search_term_string\"}}],\"inLanguage\":\"pt-BR\"}]}<\/script>\n<!-- \/ Yoast SEO plugin. -->","yoast_head_json":{"title":"Travesseiro de Viagem - Capobianco Fisioterapia","robots":{"index":"index","follow":"follow","max-snippet":"max-snippet:-1","max-image-preview":"max-image-preview:large","max-video-preview":"max-video-preview:-1"},"canonical":"https:\/\/capobiancofisioterapia.com.br\/produtos\/produto\/travesseiro-de-viagem\/","og_locale":"pt_BR","og_type":"article","og_title":"Travesseiro de Viagem - Capobianco Fisioterapia","og_description":"O travesseiro de Viagem QuiroPro oferece o apoio e o conforto necess\u00e1rio para a regi\u00e3o cervical durante o descanso, seja em casa ou em longas viagens de carro, \u00f4nibus, avi\u00e3o, etc... Seu formato foi desenvolvido para abra\u00e7ar todo o pesco\u00e7o a fim de minimizar a movimenta\u00e7\u00e3o durante as viagens, mantendo o alinhamento da coluna em rela\u00e7\u00e3o ao pesco\u00e7o, com conforto e seguran\u00e7a. Sua forma em \"C\" apoia toda a regi\u00e3o cervical, permitindo que os ombros e o pesco\u00e7o relaxem confortavelmente. O travesseiro para viagem QuiroPro \u00e9 feito em viscoel\u00e1stico. Vem protegido com capa de algod\u00e3o e poli\u00e9ster remov\u00edvel, que proporciona um toque agrad\u00e1vel e garante prote\u00e7\u00e3o ao travesseiro.","og_url":"https:\/\/capobiancofisioterapia.com.br\/produtos\/produto\/travesseiro-de-viagem\/","og_site_name":"Capobianco Fisioterapia","article_publisher":"https:\/\/www.facebook.com\/bruna.c.defaria","article_modified_time":"2022-02-10T21:46:35+00:00","og_image":[{"width":400,"height":356,"url":"https:\/\/capobiancofisioterapia.com.br\/produtos\/wp-content\/uploads\/2018\/06\/image2-1.jpeg","type":"image\/jpeg"}],"twitter_card":"summary_large_image","schema":{"@context":"https:\/\/schema.org","@graph":[{"@type":"WebPage","@id":"https:\/\/capobiancofisioterapia.com.br\/produtos\/produto\/travesseiro-de-viagem\/","url":"https:\/\/capobiancofisioterapia.com.br\/produtos\/produto\/travesseiro-de-viagem\/","name":"Travesseiro de Viagem - Capobianco Fisioterapia","isPartOf":{"@id":"https:\/\/capobiancofisioterapia.com.br\/produtos\/#website"},"primaryImageOfPage":{"@id":"https:\/\/capobiancofisioterapia.com.br\/produtos\/produto\/travesseiro-de-viagem\/#primaryimage"},"image":{"@id":"https:\/\/capobiancofisioterapia.com.br\/produtos\/produto\/travesseiro-de-viagem\/#primaryimage"},"thumbnailUrl":"https:\/\/capobiancofisioterapia.com.br\/produtos\/wp-content\/uploads\/2018\/06\/image2-1.jpeg","datePublished":"2018-06-16T04:17:42+00:00","dateModified":"2022-02-10T21:46:35+00:00","breadcrumb":{"@id":"https:\/\/capobiancofisioterapia.com.br\/produtos\/produto\/travesseiro-de-viagem\/#breadcrumb"},"inLanguage":"pt-BR","potentialAction":[{"@type":"ReadAction","target":["https:\/\/capobiancofisioterapia.com.br\/produtos\/produto\/travesseiro-de-viagem\/"]}]},{"@type":"ImageObject","inLanguage":"pt-BR","@id":"https:\/\/capobiancofisioterapia.com.br\/produtos\/produto\/travesseiro-de-viagem\/#primaryimage","url":"https:\/\/capobiancofisioterapia.com.br\/produtos\/wp-content\/uploads\/2018\/06\/image2-1.jpeg","contentUrl":"https:\/\/capobiancofisioterapia.com.br\/produtos\/wp-content\/uploads\/2018\/06\/image2-1.jpeg","width":400,"height":356},{"@type":"BreadcrumbList","@id":"https:\/\/capobiancofisioterapia.com.br\/produtos\/produto\/travesseiro-de-viagem\/#breadcrumb","itemListElement":[{"@type":"ListItem","position":1,"name":"In\u00edcio","item":"https:\/\/capobiancofisioterapia.com.br\/produtos\/"},{"@type":"ListItem","position":2,"name":"Produtos","item":"https:\/\/capobiancofisioterapia.com.br\/produtos\/"},{"@type":"ListItem","position":3,"name":"Travesseiro de Viagem"}]},{"@type":"WebSite","@id":"https:\/\/capobiancofisioterapia.com.br\/produtos\/#website","url":"https:\/\/capobiancofisioterapia.com.br\/produtos\/","name":"Bruna Capobianco","description":"Transformando as incapacidades em possibilidades","potentialAction":[{"@type":"SearchAction","target":{"@type":"EntryPoint","urlTemplate":"https:\/\/capobiancofisioterapia.com.br\/produtos\/?s={search_term_string}"},"query-input":{"@type":"PropertyValueSpecification","valueRequired":true,"valueName":"search_term_string"}}],"inLanguage":"pt-BR"}]}},"_links":{"self":[{"href":"https:\/\/capobiancofisioterapia.com.br\/produtos\/wp-json\/wp\/v2\/product\/966"}],"collection":[{"href":"https:\/\/capobiancofisioterapia.com.br\/produtos\/wp-json\/wp\/v2\/product"}],"about":[{"href":"https:\/\/capobiancofisioterapia.com.br\/produtos\/wp-json\/wp\/v2\/types\/product"}],"replies":[{"embeddable":true,"href":"https:\/\/capobiancofisioterapia.com.br\/produtos\/wp-json\/wp\/v2\/comments?post=966"}],"wp:featuredmedia":[{"embeddable":true,"href":"https:\/\/capobiancofisioterapia.com.br\/produtos\/wp-json\/wp\/v2\/media\/974"}],"wp:attachment":[{"href":"https:\/\/capobiancofisioterapia.com.br\/produtos\/wp-json\/wp\/v2\/media?parent=966"}],"wp:term":[{"taxonomy":"product_brand","embeddable":true,"href":"https:\/\/capobiancofisioterapia.com.br\/produtos\/wp-json\/wp\/v2\/product_brand?post=966"},{"taxonomy":"product_cat","embeddable":true,"href":"https:\/\/capobiancofisioterapia.com.br\/produtos\/wp-json\/wp\/v2\/product_cat?post=966"},{"taxonomy":"product_tag","embeddable":true,"href":"https:\/\/capobiancofisioterapia.com.br\/produtos\/wp-json\/wp\/v2\/product_tag?post=966"}],"curies":[{"name":"wp","href":"https:\/\/api.w.org\/{rel}","templated":true}]}}