{"id":965,"date":"2018-06-16T01:14:23","date_gmt":"2018-06-16T04:14:23","guid":{"rendered":"https:\/\/capobiancofisioterapia.com.br\/produtos\/?post_type=product&#038;p=965"},"modified":"2022-02-10T18:37:31","modified_gmt":"2022-02-10T21:37:31","slug":"apoio-para-joelho","status":"publish","type":"product","link":"https:\/\/capobiancofisioterapia.com.br\/produtos\/produto\/apoio-para-joelho\/","title":{"rendered":"Apoio para Joelho"},"content":{"rendered":"<ul>\n<li><strong>Indica\u00e7\u00f5es:<\/strong>\n<ul>\n<li>Pessoas que preferem dormir de lado<\/li>\n<li>Para quem sofre com dores no joelho<\/li>\n<li>Les\u00f5es ou crise aguda na regi\u00e3o lombar<\/li>\n<li>Dor cr\u00f4nica da coluna lombar e quadril<\/li>\n<li>Para manter a coluna alinhada a noite toda<\/li>\n<\/ul>\n<\/li>\n<\/ul>\n","protected":false},"excerpt":{"rendered":"<p>Se voc\u00ea gosta de dormir de lado, deve saber que essa posi\u00e7\u00e3o tamb\u00e9m exige cuidados. Apesar de ser muito melhor do que dormir de bru\u00e7o, essa posi\u00e7\u00e3o causa tor\u00e7\u00e3o e carga adicional sobre a coluna, trazendo desconforto quando um joelho encosta no outro, gerando dores desnecess\u00e1rias. Com o uso do Apoio de Joelho, a coluna mantem o seu alinhamento correto durante o sono, oferece a eleva\u00e7\u00e3o do quadril, atingindo a posi\u00e7\u00e3o neutra, al\u00e9m de proporcionar um relaxamento, evitando a tor\u00e7\u00e3o das articula\u00e7\u00f5es e m\u00fasculos. Extremamente confort\u00e1vel, o apoio de joelho evita as dores pela postura inadequada na hora de dormir, garantindo uma noite de sono de boa qualidade.<\/p>\n<p>Confeccionado em viscoel\u00e1stico, o produto tem a capacidade de se moldar ao corpo, permitindo que o sistema circulat\u00f3rio e o nervoso funcionem normalmente sem causar compress\u00f5es, se encaixando perfeitamente entre os joelhos na posi\u00e7\u00e3o de dec\u00fabito lateral (de lado). Vem protegido com uma capa de algod\u00e3o e poli\u00e9ster remov\u00edvel que proporciona um toque agrad\u00e1vel e garante prote\u00e7\u00e3o ao apoio.<\/p>\n","protected":false},"featured_media":969,"comment_status":"open","ping_status":"closed","template":"","meta":[],"product_brand":[],"product_cat":[23],"product_tag":[],"class_list":{"0":"post-965","1":"product","2":"type-product","3":"status-publish","4":"has-post-thumbnail","6":"product_cat-quiropro","8":"first","9":"instock","10":"shipping-taxable","11":"purchasable","12":"product-type-simple"},"yoast_head":"<!-- This site is optimized with the Yoast SEO plugin v24.3 - https:\/\/yoast.com\/wordpress\/plugins\/seo\/ -->\n<title>Apoio para Joelho - Capobianco Fisioterapia<\/title>\n<meta name=\"robots\" content=\"index, follow, max-snippet:-1, max-image-preview:large, max-video-preview:-1\" \/>\n<link rel=\"canonical\" href=\"https:\/\/capobiancofisioterapia.com.br\/produtos\/produto\/apoio-para-joelho\/\" \/>\n<meta property=\"og:locale\" content=\"pt_BR\" \/>\n<meta property=\"og:type\" content=\"article\" \/>\n<meta property=\"og:title\" content=\"Apoio para Joelho - Capobianco Fisioterapia\" \/>\n<meta property=\"og:description\" content=\"Se voc\u00ea gosta de dormir de lado, deve saber que essa posi\u00e7\u00e3o tamb\u00e9m exige cuidados. Apesar de ser muito melhor do que dormir de bru\u00e7o, essa posi\u00e7\u00e3o causa tor\u00e7\u00e3o e carga adicional sobre a coluna, trazendo desconforto quando um joelho encosta no outro, gerando dores desnecess\u00e1rias. Com o uso do Apoio de Joelho, a coluna mantem o seu alinhamento correto durante o sono, oferece a eleva\u00e7\u00e3o do quadril, atingindo a posi\u00e7\u00e3o neutra, al\u00e9m de proporcionar um relaxamento, evitando a tor\u00e7\u00e3o das articula\u00e7\u00f5es e m\u00fasculos. Extremamente confort\u00e1vel, o apoio de joelho evita as dores pela postura inadequada na hora de dormir, garantindo uma noite de sono de boa qualidade.  Confeccionado em viscoel\u00e1stico, o produto tem a capacidade de se moldar ao corpo, permitindo que o sistema circulat\u00f3rio e o nervoso funcionem normalmente sem causar compress\u00f5es, se encaixando perfeitamente entre os joelhos na posi\u00e7\u00e3o de dec\u00fabito lateral (de lado). Vem protegido com uma capa de algod\u00e3o e poli\u00e9ster remov\u00edvel que proporciona um toque agrad\u00e1vel e garante prote\u00e7\u00e3o ao apoio.\" \/>\n<meta property=\"og:url\" content=\"https:\/\/capobiancofisioterapia.com.br\/produtos\/produto\/apoio-para-joelho\/\" \/>\n<meta property=\"og:site_name\" content=\"Capobianco Fisioterapia\" \/>\n<meta property=\"article:publisher\" content=\"https:\/\/www.facebook.com\/bruna.c.defaria\" \/>\n<meta property=\"article:modified_time\" content=\"2022-02-10T21:37:31+00:00\" \/>\n<meta property=\"og:image\" content=\"https:\/\/capobiancofisioterapia.com.br\/produtos\/wp-content\/uploads\/2018\/06\/image1.jpeg\" \/>\n\t<meta property=\"og:image:width\" content=\"417\" \/>\n\t<meta property=\"og:image:height\" content=\"352\" \/>\n\t<meta property=\"og:image:type\" content=\"image\/jpeg\" \/>\n<meta name=\"twitter:card\" content=\"summary_large_image\" \/>\n<script type=\"application\/ld+json\" class=\"yoast-schema-graph\">{\"@context\":\"https:\/\/schema.org\",\"@graph\":[{\"@type\":\"WebPage\",\"@id\":\"https:\/\/capobiancofisioterapia.com.br\/produtos\/produto\/apoio-para-joelho\/\",\"url\":\"https:\/\/capobiancofisioterapia.com.br\/produtos\/produto\/apoio-para-joelho\/\",\"name\":\"Apoio para Joelho - Capobianco Fisioterapia\",\"isPartOf\":{\"@id\":\"https:\/\/capobiancofisioterapia.com.br\/produtos\/#website\"},\"primaryImageOfPage\":{\"@id\":\"https:\/\/capobiancofisioterapia.com.br\/produtos\/produto\/apoio-para-joelho\/#primaryimage\"},\"image\":{\"@id\":\"https:\/\/capobiancofisioterapia.com.br\/produtos\/produto\/apoio-para-joelho\/#primaryimage\"},\"thumbnailUrl\":\"https:\/\/capobiancofisioterapia.com.br\/produtos\/wp-content\/uploads\/2018\/06\/image1.jpeg\",\"datePublished\":\"2018-06-16T04:14:23+00:00\",\"dateModified\":\"2022-02-10T21:37:31+00:00\",\"breadcrumb\":{\"@id\":\"https:\/\/capobiancofisioterapia.com.br\/produtos\/produto\/apoio-para-joelho\/#breadcrumb\"},\"inLanguage\":\"pt-BR\",\"potentialAction\":[{\"@type\":\"ReadAction\",\"target\":[\"https:\/\/capobiancofisioterapia.com.br\/produtos\/produto\/apoio-para-joelho\/\"]}]},{\"@type\":\"ImageObject\",\"inLanguage\":\"pt-BR\",\"@id\":\"https:\/\/capobiancofisioterapia.com.br\/produtos\/produto\/apoio-para-joelho\/#primaryimage\",\"url\":\"https:\/\/capobiancofisioterapia.com.br\/produtos\/wp-content\/uploads\/2018\/06\/image1.jpeg\",\"contentUrl\":\"https:\/\/capobiancofisioterapia.com.br\/produtos\/wp-content\/uploads\/2018\/06\/image1.jpeg\",\"width\":417,\"height\":352},{\"@type\":\"BreadcrumbList\",\"@id\":\"https:\/\/capobiancofisioterapia.com.br\/produtos\/produto\/apoio-para-joelho\/#breadcrumb\",\"itemListElement\":[{\"@type\":\"ListItem\",\"position\":1,\"name\":\"In\u00edcio\",\"item\":\"https:\/\/capobiancofisioterapia.com.br\/produtos\/\"},{\"@type\":\"ListItem\",\"position\":2,\"name\":\"Produtos\",\"item\":\"https:\/\/capobiancofisioterapia.com.br\/produtos\/\"},{\"@type\":\"ListItem\",\"position\":3,\"name\":\"Apoio para Joelho\"}]},{\"@type\":\"WebSite\",\"@id\":\"https:\/\/capobiancofisioterapia.com.br\/produtos\/#website\",\"url\":\"https:\/\/capobiancofisioterapia.com.br\/produtos\/\",\"name\":\"Bruna Capobianco\",\"description\":\"Transformando as incapacidades em possibilidades\",\"potentialAction\":[{\"@type\":\"SearchAction\",\"target\":{\"@type\":\"EntryPoint\",\"urlTemplate\":\"https:\/\/capobiancofisioterapia.com.br\/produtos\/?s={search_term_string}\"},\"query-input\":{\"@type\":\"PropertyValueSpecification\",\"valueRequired\":true,\"valueName\":\"search_term_string\"}}],\"inLanguage\":\"pt-BR\"}]}<\/script>\n<!-- \/ Yoast SEO plugin. -->","yoast_head_json":{"title":"Apoio para Joelho - Capobianco Fisioterapia","robots":{"index":"index","follow":"follow","max-snippet":"max-snippet:-1","max-image-preview":"max-image-preview:large","max-video-preview":"max-video-preview:-1"},"canonical":"https:\/\/capobiancofisioterapia.com.br\/produtos\/produto\/apoio-para-joelho\/","og_locale":"pt_BR","og_type":"article","og_title":"Apoio para Joelho - Capobianco Fisioterapia","og_description":"Se voc\u00ea gosta de dormir de lado, deve saber que essa posi\u00e7\u00e3o tamb\u00e9m exige cuidados. Apesar de ser muito melhor do que dormir de bru\u00e7o, essa posi\u00e7\u00e3o causa tor\u00e7\u00e3o e carga adicional sobre a coluna, trazendo desconforto quando um joelho encosta no outro, gerando dores desnecess\u00e1rias. Com o uso do Apoio de Joelho, a coluna mantem o seu alinhamento correto durante o sono, oferece a eleva\u00e7\u00e3o do quadril, atingindo a posi\u00e7\u00e3o neutra, al\u00e9m de proporcionar um relaxamento, evitando a tor\u00e7\u00e3o das articula\u00e7\u00f5es e m\u00fasculos. Extremamente confort\u00e1vel, o apoio de joelho evita as dores pela postura inadequada na hora de dormir, garantindo uma noite de sono de boa qualidade.  Confeccionado em viscoel\u00e1stico, o produto tem a capacidade de se moldar ao corpo, permitindo que o sistema circulat\u00f3rio e o nervoso funcionem normalmente sem causar compress\u00f5es, se encaixando perfeitamente entre os joelhos na posi\u00e7\u00e3o de dec\u00fabito lateral (de lado). Vem protegido com uma capa de algod\u00e3o e poli\u00e9ster remov\u00edvel que proporciona um toque agrad\u00e1vel e garante prote\u00e7\u00e3o ao apoio.","og_url":"https:\/\/capobiancofisioterapia.com.br\/produtos\/produto\/apoio-para-joelho\/","og_site_name":"Capobianco Fisioterapia","article_publisher":"https:\/\/www.facebook.com\/bruna.c.defaria","article_modified_time":"2022-02-10T21:37:31+00:00","og_image":[{"width":417,"height":352,"url":"https:\/\/capobiancofisioterapia.com.br\/produtos\/wp-content\/uploads\/2018\/06\/image1.jpeg","type":"image\/jpeg"}],"twitter_card":"summary_large_image","schema":{"@context":"https:\/\/schema.org","@graph":[{"@type":"WebPage","@id":"https:\/\/capobiancofisioterapia.com.br\/produtos\/produto\/apoio-para-joelho\/","url":"https:\/\/capobiancofisioterapia.com.br\/produtos\/produto\/apoio-para-joelho\/","name":"Apoio para Joelho - Capobianco Fisioterapia","isPartOf":{"@id":"https:\/\/capobiancofisioterapia.com.br\/produtos\/#website"},"primaryImageOfPage":{"@id":"https:\/\/capobiancofisioterapia.com.br\/produtos\/produto\/apoio-para-joelho\/#primaryimage"},"image":{"@id":"https:\/\/capobiancofisioterapia.com.br\/produtos\/produto\/apoio-para-joelho\/#primaryimage"},"thumbnailUrl":"https:\/\/capobiancofisioterapia.com.br\/produtos\/wp-content\/uploads\/2018\/06\/image1.jpeg","datePublished":"2018-06-16T04:14:23+00:00","dateModified":"2022-02-10T21:37:31+00:00","breadcrumb":{"@id":"https:\/\/capobiancofisioterapia.com.br\/produtos\/produto\/apoio-para-joelho\/#breadcrumb"},"inLanguage":"pt-BR","potentialAction":[{"@type":"ReadAction","target":["https:\/\/capobiancofisioterapia.com.br\/produtos\/produto\/apoio-para-joelho\/"]}]},{"@type":"ImageObject","inLanguage":"pt-BR","@id":"https:\/\/capobiancofisioterapia.com.br\/produtos\/produto\/apoio-para-joelho\/#primaryimage","url":"https:\/\/capobiancofisioterapia.com.br\/produtos\/wp-content\/uploads\/2018\/06\/image1.jpeg","contentUrl":"https:\/\/capobiancofisioterapia.com.br\/produtos\/wp-content\/uploads\/2018\/06\/image1.jpeg","width":417,"height":352},{"@type":"BreadcrumbList","@id":"https:\/\/capobiancofisioterapia.com.br\/produtos\/produto\/apoio-para-joelho\/#breadcrumb","itemListElement":[{"@type":"ListItem","position":1,"name":"In\u00edcio","item":"https:\/\/capobiancofisioterapia.com.br\/produtos\/"},{"@type":"ListItem","position":2,"name":"Produtos","item":"https:\/\/capobiancofisioterapia.com.br\/produtos\/"},{"@type":"ListItem","position":3,"name":"Apoio para Joelho"}]},{"@type":"WebSite","@id":"https:\/\/capobiancofisioterapia.com.br\/produtos\/#website","url":"https:\/\/capobiancofisioterapia.com.br\/produtos\/","name":"Bruna Capobianco","description":"Transformando as incapacidades em possibilidades","potentialAction":[{"@type":"SearchAction","target":{"@type":"EntryPoint","urlTemplate":"https:\/\/capobiancofisioterapia.com.br\/produtos\/?s={search_term_string}"},"query-input":{"@type":"PropertyValueSpecification","valueRequired":true,"valueName":"search_term_string"}}],"inLanguage":"pt-BR"}]}},"_links":{"self":[{"href":"https:\/\/capobiancofisioterapia.com.br\/produtos\/wp-json\/wp\/v2\/product\/965"}],"collection":[{"href":"https:\/\/capobiancofisioterapia.com.br\/produtos\/wp-json\/wp\/v2\/product"}],"about":[{"href":"https:\/\/capobiancofisioterapia.com.br\/produtos\/wp-json\/wp\/v2\/types\/product"}],"replies":[{"embeddable":true,"href":"https:\/\/capobiancofisioterapia.com.br\/produtos\/wp-json\/wp\/v2\/comments?post=965"}],"wp:featuredmedia":[{"embeddable":true,"href":"https:\/\/capobiancofisioterapia.com.br\/produtos\/wp-json\/wp\/v2\/media\/969"}],"wp:attachment":[{"href":"https:\/\/capobiancofisioterapia.com.br\/produtos\/wp-json\/wp\/v2\/media?parent=965"}],"wp:term":[{"taxonomy":"product_brand","embeddable":true,"href":"https:\/\/capobiancofisioterapia.com.br\/produtos\/wp-json\/wp\/v2\/product_brand?post=965"},{"taxonomy":"product_cat","embeddable":true,"href":"https:\/\/capobiancofisioterapia.com.br\/produtos\/wp-json\/wp\/v2\/product_cat?post=965"},{"taxonomy":"product_tag","embeddable":true,"href":"https:\/\/capobiancofisioterapia.com.br\/produtos\/wp-json\/wp\/v2\/product_tag?post=965"}],"curies":[{"name":"wp","href":"https:\/\/api.w.org\/{rel}","templated":true}]}}