{"id":783,"date":"2018-05-24T15:00:02","date_gmt":"2018-05-24T18:00:02","guid":{"rendered":"https:\/\/capobiancofisioterapia.com.br\/produtos\/?post_type=product&#038;p=783"},"modified":"2022-11-17T23:45:04","modified_gmt":"2022-11-18T02:45:04","slug":"suporte-lombar-para-carro","status":"publish","type":"product","link":"https:\/\/capobiancofisioterapia.com.br\/produtos\/produto\/suporte-lombar-para-carro\/","title":{"rendered":"Suporte Lombar para Carro"},"content":{"rendered":"<ul>\n<li><strong>Indica\u00e7\u00f5es:<\/strong>\n<ul>\n<li>Para pessoas que saem do carro com dores lombares, ci\u00e1ticas, ou formigamento de dedos ou p\u00e9s<\/li>\n<li>Carros antigos, onde os bancos n\u00e3o possuem o apoio adequado para manter a coluna reta e apoiada<\/li>\n<li>Para motoristas profissionais e pessoas que dirigem muitas horas di\u00e1rias<\/li>\n<\/ul>\n<\/li>\n<li><strong>Garantia<\/strong>:\n<ul>\n<li>12 meses contra deforma\u00e7\u00f5es na espuma.<\/li>\n<\/ul>\n<\/li>\n<\/ul>\n","protected":false},"excerpt":{"rendered":"<p class=\"descricao\">Votado como o suporte mais confort\u00e1vel pela Revista Quatro Rodas, o Suporte Lombar para Carro protege a coluna dos efeitos provocados pela postura incorreta ao sentar no volante. \u201cA postura de dirigir \u00e9 respons\u00e1vel por muitos problemas de coluna, desde lombalgia, dor ci\u00e1tica, h\u00e9rnia de disco e artrose. Quando perdemos a curva natural da coluna lombar, devido \u00e0 posturas inadequadas, a carga da for\u00e7a da gravidade passa a ser excessiva, podendo acelerar a degenera\u00e7\u00e3o discal, gerando artrose e travando as articula\u00e7\u00f5es da regi\u00e3o\u201d, afirma o Quiropraxista Jason Gilbert.<\/p>\n<p>Desenvolvido com design ergon\u00f4mico que acompanha as formas da coluna, e em espuma viscoel\u00e1stico injetada com revestimento em tecido DRY FIT\u2013 100% Poli\u00e9ster (retorna ao formato original sem deformar), quando posicionado na poltrona do carro, ofere apoio adequado \u00e0 regi\u00e3o lombar, mant\u00e9m a postura ereta, evitando que cargas excessivas de peso sobre a coluna resultem em artrose, h\u00e9rnia de disco, formigamento das pernas, dor ci\u00e1tica e dores de cabe\u00e7a.<\/p>\n<p>&nbsp;<\/p>\n","protected":false},"featured_media":814,"comment_status":"open","ping_status":"closed","template":"","meta":[],"product_brand":[],"product_cat":[23],"product_tag":[],"class_list":{"0":"post-783","1":"product","2":"type-product","3":"status-publish","4":"has-post-thumbnail","6":"product_cat-quiropro","8":"first","9":"instock","10":"shipping-taxable","11":"purchasable","12":"product-type-simple"},"yoast_head":"<!-- This site is optimized with the Yoast SEO plugin v24.3 - https:\/\/yoast.com\/wordpress\/plugins\/seo\/ -->\n<title>Suporte Lombar para Carro - Capobianco Fisioterapia<\/title>\n<meta name=\"robots\" content=\"index, follow, max-snippet:-1, max-image-preview:large, max-video-preview:-1\" \/>\n<link rel=\"canonical\" href=\"https:\/\/capobiancofisioterapia.com.br\/produtos\/produto\/suporte-lombar-para-carro\/\" \/>\n<meta property=\"og:locale\" content=\"pt_BR\" \/>\n<meta property=\"og:type\" content=\"article\" \/>\n<meta property=\"og:title\" content=\"Suporte Lombar para Carro - Capobianco Fisioterapia\" \/>\n<meta property=\"og:description\" content=\"Votado como o suporte mais confort\u00e1vel pela Revista Quatro Rodas, o Suporte Lombar para Carro protege a coluna dos efeitos provocados pela postura incorreta ao sentar no volante. \u201cA postura de dirigir \u00e9 respons\u00e1vel por muitos problemas de coluna, desde lombalgia, dor ci\u00e1tica, h\u00e9rnia de disco e artrose. Quando perdemos a curva natural da coluna lombar, devido \u00e0 posturas inadequadas, a carga da for\u00e7a da gravidade passa a ser excessiva, podendo acelerar a degenera\u00e7\u00e3o discal, gerando artrose e travando as articula\u00e7\u00f5es da regi\u00e3o\u201d, afirma o Quiropraxista Jason Gilbert. Desenvolvido com design ergon\u00f4mico que acompanha as formas da coluna, e em espuma viscoel\u00e1stico injetada com revestimento em tecido DRY FIT\u2013 100% Poli\u00e9ster (retorna ao formato original sem deformar), quando posicionado na poltrona do carro, ofere apoio adequado \u00e0 regi\u00e3o lombar, mant\u00e9m a postura ereta, evitando que cargas excessivas de peso sobre a coluna resultem em artrose, h\u00e9rnia de disco, formigamento das pernas, dor ci\u00e1tica e dores de cabe\u00e7a.  &nbsp;\" \/>\n<meta property=\"og:url\" content=\"https:\/\/capobiancofisioterapia.com.br\/produtos\/produto\/suporte-lombar-para-carro\/\" \/>\n<meta property=\"og:site_name\" content=\"Capobianco Fisioterapia\" \/>\n<meta property=\"article:publisher\" content=\"https:\/\/www.facebook.com\/bruna.c.defaria\" \/>\n<meta property=\"article:modified_time\" content=\"2022-11-18T02:45:04+00:00\" \/>\n<meta property=\"og:image\" content=\"https:\/\/capobiancofisioterapia.com.br\/produtos\/wp-content\/uploads\/2018\/05\/suporte-lombar-para-carro-04.jpg\" \/>\n\t<meta property=\"og:image:width\" content=\"1000\" \/>\n\t<meta property=\"og:image:height\" content=\"890\" \/>\n\t<meta property=\"og:image:type\" content=\"image\/jpeg\" \/>\n<meta name=\"twitter:card\" content=\"summary_large_image\" \/>\n<script type=\"application\/ld+json\" class=\"yoast-schema-graph\">{\"@context\":\"https:\/\/schema.org\",\"@graph\":[{\"@type\":\"WebPage\",\"@id\":\"https:\/\/capobiancofisioterapia.com.br\/produtos\/produto\/suporte-lombar-para-carro\/\",\"url\":\"https:\/\/capobiancofisioterapia.com.br\/produtos\/produto\/suporte-lombar-para-carro\/\",\"name\":\"Suporte Lombar para Carro - Capobianco Fisioterapia\",\"isPartOf\":{\"@id\":\"https:\/\/capobiancofisioterapia.com.br\/produtos\/#website\"},\"primaryImageOfPage\":{\"@id\":\"https:\/\/capobiancofisioterapia.com.br\/produtos\/produto\/suporte-lombar-para-carro\/#primaryimage\"},\"image\":{\"@id\":\"https:\/\/capobiancofisioterapia.com.br\/produtos\/produto\/suporte-lombar-para-carro\/#primaryimage\"},\"thumbnailUrl\":\"https:\/\/capobiancofisioterapia.com.br\/produtos\/wp-content\/uploads\/2018\/05\/suporte-lombar-para-carro-04.jpg\",\"datePublished\":\"2018-05-24T18:00:02+00:00\",\"dateModified\":\"2022-11-18T02:45:04+00:00\",\"breadcrumb\":{\"@id\":\"https:\/\/capobiancofisioterapia.com.br\/produtos\/produto\/suporte-lombar-para-carro\/#breadcrumb\"},\"inLanguage\":\"pt-BR\",\"potentialAction\":[{\"@type\":\"ReadAction\",\"target\":[\"https:\/\/capobiancofisioterapia.com.br\/produtos\/produto\/suporte-lombar-para-carro\/\"]}]},{\"@type\":\"ImageObject\",\"inLanguage\":\"pt-BR\",\"@id\":\"https:\/\/capobiancofisioterapia.com.br\/produtos\/produto\/suporte-lombar-para-carro\/#primaryimage\",\"url\":\"https:\/\/capobiancofisioterapia.com.br\/produtos\/wp-content\/uploads\/2018\/05\/suporte-lombar-para-carro-04.jpg\",\"contentUrl\":\"https:\/\/capobiancofisioterapia.com.br\/produtos\/wp-content\/uploads\/2018\/05\/suporte-lombar-para-carro-04.jpg\",\"width\":1000,\"height\":890},{\"@type\":\"BreadcrumbList\",\"@id\":\"https:\/\/capobiancofisioterapia.com.br\/produtos\/produto\/suporte-lombar-para-carro\/#breadcrumb\",\"itemListElement\":[{\"@type\":\"ListItem\",\"position\":1,\"name\":\"In\u00edcio\",\"item\":\"https:\/\/capobiancofisioterapia.com.br\/produtos\/\"},{\"@type\":\"ListItem\",\"position\":2,\"name\":\"Produtos\",\"item\":\"https:\/\/capobiancofisioterapia.com.br\/produtos\/\"},{\"@type\":\"ListItem\",\"position\":3,\"name\":\"Suporte Lombar para Carro\"}]},{\"@type\":\"WebSite\",\"@id\":\"https:\/\/capobiancofisioterapia.com.br\/produtos\/#website\",\"url\":\"https:\/\/capobiancofisioterapia.com.br\/produtos\/\",\"name\":\"Bruna Capobianco\",\"description\":\"Transformando as incapacidades em possibilidades\",\"potentialAction\":[{\"@type\":\"SearchAction\",\"target\":{\"@type\":\"EntryPoint\",\"urlTemplate\":\"https:\/\/capobiancofisioterapia.com.br\/produtos\/?s={search_term_string}\"},\"query-input\":{\"@type\":\"PropertyValueSpecification\",\"valueRequired\":true,\"valueName\":\"search_term_string\"}}],\"inLanguage\":\"pt-BR\"}]}<\/script>\n<!-- \/ Yoast SEO plugin. -->","yoast_head_json":{"title":"Suporte Lombar para Carro - Capobianco Fisioterapia","robots":{"index":"index","follow":"follow","max-snippet":"max-snippet:-1","max-image-preview":"max-image-preview:large","max-video-preview":"max-video-preview:-1"},"canonical":"https:\/\/capobiancofisioterapia.com.br\/produtos\/produto\/suporte-lombar-para-carro\/","og_locale":"pt_BR","og_type":"article","og_title":"Suporte Lombar para Carro - Capobianco Fisioterapia","og_description":"Votado como o suporte mais confort\u00e1vel pela Revista Quatro Rodas, o Suporte Lombar para Carro protege a coluna dos efeitos provocados pela postura incorreta ao sentar no volante. \u201cA postura de dirigir \u00e9 respons\u00e1vel por muitos problemas de coluna, desde lombalgia, dor ci\u00e1tica, h\u00e9rnia de disco e artrose. Quando perdemos a curva natural da coluna lombar, devido \u00e0 posturas inadequadas, a carga da for\u00e7a da gravidade passa a ser excessiva, podendo acelerar a degenera\u00e7\u00e3o discal, gerando artrose e travando as articula\u00e7\u00f5es da regi\u00e3o\u201d, afirma o Quiropraxista Jason Gilbert. Desenvolvido com design ergon\u00f4mico que acompanha as formas da coluna, e em espuma viscoel\u00e1stico injetada com revestimento em tecido DRY FIT\u2013 100% Poli\u00e9ster (retorna ao formato original sem deformar), quando posicionado na poltrona do carro, ofere apoio adequado \u00e0 regi\u00e3o lombar, mant\u00e9m a postura ereta, evitando que cargas excessivas de peso sobre a coluna resultem em artrose, h\u00e9rnia de disco, formigamento das pernas, dor ci\u00e1tica e dores de cabe\u00e7a.  &nbsp;","og_url":"https:\/\/capobiancofisioterapia.com.br\/produtos\/produto\/suporte-lombar-para-carro\/","og_site_name":"Capobianco Fisioterapia","article_publisher":"https:\/\/www.facebook.com\/bruna.c.defaria","article_modified_time":"2022-11-18T02:45:04+00:00","og_image":[{"width":1000,"height":890,"url":"https:\/\/capobiancofisioterapia.com.br\/produtos\/wp-content\/uploads\/2018\/05\/suporte-lombar-para-carro-04.jpg","type":"image\/jpeg"}],"twitter_card":"summary_large_image","schema":{"@context":"https:\/\/schema.org","@graph":[{"@type":"WebPage","@id":"https:\/\/capobiancofisioterapia.com.br\/produtos\/produto\/suporte-lombar-para-carro\/","url":"https:\/\/capobiancofisioterapia.com.br\/produtos\/produto\/suporte-lombar-para-carro\/","name":"Suporte Lombar para Carro - Capobianco Fisioterapia","isPartOf":{"@id":"https:\/\/capobiancofisioterapia.com.br\/produtos\/#website"},"primaryImageOfPage":{"@id":"https:\/\/capobiancofisioterapia.com.br\/produtos\/produto\/suporte-lombar-para-carro\/#primaryimage"},"image":{"@id":"https:\/\/capobiancofisioterapia.com.br\/produtos\/produto\/suporte-lombar-para-carro\/#primaryimage"},"thumbnailUrl":"https:\/\/capobiancofisioterapia.com.br\/produtos\/wp-content\/uploads\/2018\/05\/suporte-lombar-para-carro-04.jpg","datePublished":"2018-05-24T18:00:02+00:00","dateModified":"2022-11-18T02:45:04+00:00","breadcrumb":{"@id":"https:\/\/capobiancofisioterapia.com.br\/produtos\/produto\/suporte-lombar-para-carro\/#breadcrumb"},"inLanguage":"pt-BR","potentialAction":[{"@type":"ReadAction","target":["https:\/\/capobiancofisioterapia.com.br\/produtos\/produto\/suporte-lombar-para-carro\/"]}]},{"@type":"ImageObject","inLanguage":"pt-BR","@id":"https:\/\/capobiancofisioterapia.com.br\/produtos\/produto\/suporte-lombar-para-carro\/#primaryimage","url":"https:\/\/capobiancofisioterapia.com.br\/produtos\/wp-content\/uploads\/2018\/05\/suporte-lombar-para-carro-04.jpg","contentUrl":"https:\/\/capobiancofisioterapia.com.br\/produtos\/wp-content\/uploads\/2018\/05\/suporte-lombar-para-carro-04.jpg","width":1000,"height":890},{"@type":"BreadcrumbList","@id":"https:\/\/capobiancofisioterapia.com.br\/produtos\/produto\/suporte-lombar-para-carro\/#breadcrumb","itemListElement":[{"@type":"ListItem","position":1,"name":"In\u00edcio","item":"https:\/\/capobiancofisioterapia.com.br\/produtos\/"},{"@type":"ListItem","position":2,"name":"Produtos","item":"https:\/\/capobiancofisioterapia.com.br\/produtos\/"},{"@type":"ListItem","position":3,"name":"Suporte Lombar para Carro"}]},{"@type":"WebSite","@id":"https:\/\/capobiancofisioterapia.com.br\/produtos\/#website","url":"https:\/\/capobiancofisioterapia.com.br\/produtos\/","name":"Bruna Capobianco","description":"Transformando as incapacidades em possibilidades","potentialAction":[{"@type":"SearchAction","target":{"@type":"EntryPoint","urlTemplate":"https:\/\/capobiancofisioterapia.com.br\/produtos\/?s={search_term_string}"},"query-input":{"@type":"PropertyValueSpecification","valueRequired":true,"valueName":"search_term_string"}}],"inLanguage":"pt-BR"}]}},"_links":{"self":[{"href":"https:\/\/capobiancofisioterapia.com.br\/produtos\/wp-json\/wp\/v2\/product\/783"}],"collection":[{"href":"https:\/\/capobiancofisioterapia.com.br\/produtos\/wp-json\/wp\/v2\/product"}],"about":[{"href":"https:\/\/capobiancofisioterapia.com.br\/produtos\/wp-json\/wp\/v2\/types\/product"}],"replies":[{"embeddable":true,"href":"https:\/\/capobiancofisioterapia.com.br\/produtos\/wp-json\/wp\/v2\/comments?post=783"}],"wp:featuredmedia":[{"embeddable":true,"href":"https:\/\/capobiancofisioterapia.com.br\/produtos\/wp-json\/wp\/v2\/media\/814"}],"wp:attachment":[{"href":"https:\/\/capobiancofisioterapia.com.br\/produtos\/wp-json\/wp\/v2\/media?parent=783"}],"wp:term":[{"taxonomy":"product_brand","embeddable":true,"href":"https:\/\/capobiancofisioterapia.com.br\/produtos\/wp-json\/wp\/v2\/product_brand?post=783"},{"taxonomy":"product_cat","embeddable":true,"href":"https:\/\/capobiancofisioterapia.com.br\/produtos\/wp-json\/wp\/v2\/product_cat?post=783"},{"taxonomy":"product_tag","embeddable":true,"href":"https:\/\/capobiancofisioterapia.com.br\/produtos\/wp-json\/wp\/v2\/product_tag?post=783"}],"curies":[{"name":"wp","href":"https:\/\/api.w.org\/{rel}","templated":true}]}}