{"id":777,"date":"2018-05-24T13:15:07","date_gmt":"2018-05-24T16:15:07","guid":{"rendered":"https:\/\/capobiancofisioterapia.com.br\/produtos\/?post_type=product&#038;p=777"},"modified":"2022-02-10T18:52:32","modified_gmt":"2022-02-10T21:52:32","slug":"travesseiro-dorsal-lateral","status":"publish","type":"product","link":"https:\/\/capobiancofisioterapia.com.br\/produtos\/produto\/travesseiro-dorsal-lateral\/","title":{"rendered":"Travesseiro Dorsal\/Lateral"},"content":{"rendered":"<ul>\n<li><strong>Indica\u00e7\u00f5es:<\/strong>\n<ul>\n<li>Para pessoas que acordam com dores na regi\u00e3o cervical<\/li>\n<li>Torcicolo e torcicolo recorrente<\/li>\n<li>Para quem busca conforto em dec\u00fabito dorsal e lateral<\/li>\n<li>Dor de cabe\u00e7a<\/li>\n<li>Estresse<\/li>\n<li>Bruxismo<\/li>\n<li>Rigidez no pesco\u00e7o<\/li>\n<li>M\u00e1 postura<\/li>\n<\/ul>\n<\/li>\n<\/ul>\n<ul>\n<li><strong>Tamanho:<\/strong> \u00danico<\/li>\n<\/ul>\n<ul>\n<li><strong>Garantia:<\/strong>\n<ul>\n<li>12 meses<\/li>\n<\/ul>\n<\/li>\n<\/ul>\n","protected":false},"excerpt":{"rendered":"<p>Esse travesseiro \u00e9 ideal para as pessoas que acordam com dor no pesco\u00e7o ou para aquelas que n\u00e3o conseguem encontrar o travesseiro correto. Diferente dos outros, este oferece conforto e ao mesmo tempo faz a fun\u00e7\u00e3o ortop\u00e9dica e anat\u00f4mica: oferece apoio \u00e0 cabe\u00e7a, mantendo a coluna alinhada em ambas posi\u00e7\u00f5es: dec\u00fabito dorsal (barriga para cima) e dec\u00fabito lateral (de lado).<\/p>\n<p>Confeccionado em fibra siliconizada e protegido com capa 100% algod\u00e3o, antial\u00e9rgica e lav\u00e1vel, o travesseiro foi desenvolvido para promover apoio e manter a coluna alinhada durante o sono. Gra\u00e7as ao seu design ergon\u00f4mico, ele pode ser usado quando deitado de barriga para cima, sustentando o pesco\u00e7o na sali\u00eancia roli\u00e7a; ou de lado, apoiando a cabe\u00e7a na aba lateral.<\/p>\n","protected":false},"featured_media":816,"comment_status":"open","ping_status":"closed","template":"","meta":[],"product_brand":[],"product_cat":[23],"product_tag":[],"class_list":{"0":"post-777","1":"product","2":"type-product","3":"status-publish","4":"has-post-thumbnail","6":"product_cat-quiropro","8":"first","9":"instock","10":"shipping-taxable","11":"purchasable","12":"product-type-simple"},"yoast_head":"<!-- This site is optimized with the Yoast SEO plugin v24.3 - https:\/\/yoast.com\/wordpress\/plugins\/seo\/ -->\n<title>Travesseiro Dorsal\/Lateral - Capobianco Fisioterapia<\/title>\n<meta name=\"robots\" content=\"index, follow, max-snippet:-1, max-image-preview:large, max-video-preview:-1\" \/>\n<link rel=\"canonical\" href=\"https:\/\/capobiancofisioterapia.com.br\/produtos\/produto\/travesseiro-dorsal-lateral\/\" \/>\n<meta property=\"og:locale\" content=\"pt_BR\" \/>\n<meta property=\"og:type\" content=\"article\" \/>\n<meta property=\"og:title\" content=\"Travesseiro Dorsal\/Lateral - Capobianco Fisioterapia\" \/>\n<meta property=\"og:description\" content=\"Esse travesseiro \u00e9 ideal para as pessoas que acordam com dor no pesco\u00e7o ou para aquelas que n\u00e3o conseguem encontrar o travesseiro correto. Diferente dos outros, este oferece conforto e ao mesmo tempo faz a fun\u00e7\u00e3o ortop\u00e9dica e anat\u00f4mica: oferece apoio \u00e0 cabe\u00e7a, mantendo a coluna alinhada em ambas posi\u00e7\u00f5es: dec\u00fabito dorsal (barriga para cima) e dec\u00fabito lateral (de lado).  Confeccionado em fibra siliconizada e protegido com capa 100% algod\u00e3o, antial\u00e9rgica e lav\u00e1vel, o travesseiro foi desenvolvido para promover apoio e manter a coluna alinhada durante o sono. Gra\u00e7as ao seu design ergon\u00f4mico, ele pode ser usado quando deitado de barriga para cima, sustentando o pesco\u00e7o na sali\u00eancia roli\u00e7a; ou de lado, apoiando a cabe\u00e7a na aba lateral.\" \/>\n<meta property=\"og:url\" content=\"https:\/\/capobiancofisioterapia.com.br\/produtos\/produto\/travesseiro-dorsal-lateral\/\" \/>\n<meta property=\"og:site_name\" content=\"Capobianco Fisioterapia\" \/>\n<meta property=\"article:publisher\" content=\"https:\/\/www.facebook.com\/bruna.c.defaria\" \/>\n<meta property=\"article:modified_time\" content=\"2022-02-10T21:52:32+00:00\" \/>\n<meta property=\"og:image\" content=\"https:\/\/capobiancofisioterapia.com.br\/produtos\/wp-content\/uploads\/2018\/05\/travesseiro-dorsal-lateral-03.png\" \/>\n\t<meta property=\"og:image:width\" content=\"1200\" \/>\n\t<meta property=\"og:image:height\" content=\"801\" \/>\n\t<meta property=\"og:image:type\" content=\"image\/png\" \/>\n<meta name=\"twitter:card\" content=\"summary_large_image\" \/>\n<script type=\"application\/ld+json\" class=\"yoast-schema-graph\">{\"@context\":\"https:\/\/schema.org\",\"@graph\":[{\"@type\":\"WebPage\",\"@id\":\"https:\/\/capobiancofisioterapia.com.br\/produtos\/produto\/travesseiro-dorsal-lateral\/\",\"url\":\"https:\/\/capobiancofisioterapia.com.br\/produtos\/produto\/travesseiro-dorsal-lateral\/\",\"name\":\"Travesseiro Dorsal\/Lateral - Capobianco Fisioterapia\",\"isPartOf\":{\"@id\":\"https:\/\/capobiancofisioterapia.com.br\/produtos\/#website\"},\"primaryImageOfPage\":{\"@id\":\"https:\/\/capobiancofisioterapia.com.br\/produtos\/produto\/travesseiro-dorsal-lateral\/#primaryimage\"},\"image\":{\"@id\":\"https:\/\/capobiancofisioterapia.com.br\/produtos\/produto\/travesseiro-dorsal-lateral\/#primaryimage\"},\"thumbnailUrl\":\"https:\/\/capobiancofisioterapia.com.br\/produtos\/wp-content\/uploads\/2018\/05\/travesseiro-dorsal-lateral-03.png\",\"datePublished\":\"2018-05-24T16:15:07+00:00\",\"dateModified\":\"2022-02-10T21:52:32+00:00\",\"breadcrumb\":{\"@id\":\"https:\/\/capobiancofisioterapia.com.br\/produtos\/produto\/travesseiro-dorsal-lateral\/#breadcrumb\"},\"inLanguage\":\"pt-BR\",\"potentialAction\":[{\"@type\":\"ReadAction\",\"target\":[\"https:\/\/capobiancofisioterapia.com.br\/produtos\/produto\/travesseiro-dorsal-lateral\/\"]}]},{\"@type\":\"ImageObject\",\"inLanguage\":\"pt-BR\",\"@id\":\"https:\/\/capobiancofisioterapia.com.br\/produtos\/produto\/travesseiro-dorsal-lateral\/#primaryimage\",\"url\":\"https:\/\/capobiancofisioterapia.com.br\/produtos\/wp-content\/uploads\/2018\/05\/travesseiro-dorsal-lateral-03.png\",\"contentUrl\":\"https:\/\/capobiancofisioterapia.com.br\/produtos\/wp-content\/uploads\/2018\/05\/travesseiro-dorsal-lateral-03.png\",\"width\":1200,\"height\":801},{\"@type\":\"BreadcrumbList\",\"@id\":\"https:\/\/capobiancofisioterapia.com.br\/produtos\/produto\/travesseiro-dorsal-lateral\/#breadcrumb\",\"itemListElement\":[{\"@type\":\"ListItem\",\"position\":1,\"name\":\"In\u00edcio\",\"item\":\"https:\/\/capobiancofisioterapia.com.br\/produtos\/\"},{\"@type\":\"ListItem\",\"position\":2,\"name\":\"Produtos\",\"item\":\"https:\/\/capobiancofisioterapia.com.br\/produtos\/\"},{\"@type\":\"ListItem\",\"position\":3,\"name\":\"Travesseiro Dorsal\/Lateral\"}]},{\"@type\":\"WebSite\",\"@id\":\"https:\/\/capobiancofisioterapia.com.br\/produtos\/#website\",\"url\":\"https:\/\/capobiancofisioterapia.com.br\/produtos\/\",\"name\":\"Bruna Capobianco\",\"description\":\"Transformando as incapacidades em possibilidades\",\"potentialAction\":[{\"@type\":\"SearchAction\",\"target\":{\"@type\":\"EntryPoint\",\"urlTemplate\":\"https:\/\/capobiancofisioterapia.com.br\/produtos\/?s={search_term_string}\"},\"query-input\":{\"@type\":\"PropertyValueSpecification\",\"valueRequired\":true,\"valueName\":\"search_term_string\"}}],\"inLanguage\":\"pt-BR\"}]}<\/script>\n<!-- \/ Yoast SEO plugin. -->","yoast_head_json":{"title":"Travesseiro Dorsal\/Lateral - Capobianco Fisioterapia","robots":{"index":"index","follow":"follow","max-snippet":"max-snippet:-1","max-image-preview":"max-image-preview:large","max-video-preview":"max-video-preview:-1"},"canonical":"https:\/\/capobiancofisioterapia.com.br\/produtos\/produto\/travesseiro-dorsal-lateral\/","og_locale":"pt_BR","og_type":"article","og_title":"Travesseiro Dorsal\/Lateral - Capobianco Fisioterapia","og_description":"Esse travesseiro \u00e9 ideal para as pessoas que acordam com dor no pesco\u00e7o ou para aquelas que n\u00e3o conseguem encontrar o travesseiro correto. Diferente dos outros, este oferece conforto e ao mesmo tempo faz a fun\u00e7\u00e3o ortop\u00e9dica e anat\u00f4mica: oferece apoio \u00e0 cabe\u00e7a, mantendo a coluna alinhada em ambas posi\u00e7\u00f5es: dec\u00fabito dorsal (barriga para cima) e dec\u00fabito lateral (de lado).  Confeccionado em fibra siliconizada e protegido com capa 100% algod\u00e3o, antial\u00e9rgica e lav\u00e1vel, o travesseiro foi desenvolvido para promover apoio e manter a coluna alinhada durante o sono. Gra\u00e7as ao seu design ergon\u00f4mico, ele pode ser usado quando deitado de barriga para cima, sustentando o pesco\u00e7o na sali\u00eancia roli\u00e7a; ou de lado, apoiando a cabe\u00e7a na aba lateral.","og_url":"https:\/\/capobiancofisioterapia.com.br\/produtos\/produto\/travesseiro-dorsal-lateral\/","og_site_name":"Capobianco Fisioterapia","article_publisher":"https:\/\/www.facebook.com\/bruna.c.defaria","article_modified_time":"2022-02-10T21:52:32+00:00","og_image":[{"width":1200,"height":801,"url":"https:\/\/capobiancofisioterapia.com.br\/produtos\/wp-content\/uploads\/2018\/05\/travesseiro-dorsal-lateral-03.png","type":"image\/png"}],"twitter_card":"summary_large_image","schema":{"@context":"https:\/\/schema.org","@graph":[{"@type":"WebPage","@id":"https:\/\/capobiancofisioterapia.com.br\/produtos\/produto\/travesseiro-dorsal-lateral\/","url":"https:\/\/capobiancofisioterapia.com.br\/produtos\/produto\/travesseiro-dorsal-lateral\/","name":"Travesseiro Dorsal\/Lateral - Capobianco Fisioterapia","isPartOf":{"@id":"https:\/\/capobiancofisioterapia.com.br\/produtos\/#website"},"primaryImageOfPage":{"@id":"https:\/\/capobiancofisioterapia.com.br\/produtos\/produto\/travesseiro-dorsal-lateral\/#primaryimage"},"image":{"@id":"https:\/\/capobiancofisioterapia.com.br\/produtos\/produto\/travesseiro-dorsal-lateral\/#primaryimage"},"thumbnailUrl":"https:\/\/capobiancofisioterapia.com.br\/produtos\/wp-content\/uploads\/2018\/05\/travesseiro-dorsal-lateral-03.png","datePublished":"2018-05-24T16:15:07+00:00","dateModified":"2022-02-10T21:52:32+00:00","breadcrumb":{"@id":"https:\/\/capobiancofisioterapia.com.br\/produtos\/produto\/travesseiro-dorsal-lateral\/#breadcrumb"},"inLanguage":"pt-BR","potentialAction":[{"@type":"ReadAction","target":["https:\/\/capobiancofisioterapia.com.br\/produtos\/produto\/travesseiro-dorsal-lateral\/"]}]},{"@type":"ImageObject","inLanguage":"pt-BR","@id":"https:\/\/capobiancofisioterapia.com.br\/produtos\/produto\/travesseiro-dorsal-lateral\/#primaryimage","url":"https:\/\/capobiancofisioterapia.com.br\/produtos\/wp-content\/uploads\/2018\/05\/travesseiro-dorsal-lateral-03.png","contentUrl":"https:\/\/capobiancofisioterapia.com.br\/produtos\/wp-content\/uploads\/2018\/05\/travesseiro-dorsal-lateral-03.png","width":1200,"height":801},{"@type":"BreadcrumbList","@id":"https:\/\/capobiancofisioterapia.com.br\/produtos\/produto\/travesseiro-dorsal-lateral\/#breadcrumb","itemListElement":[{"@type":"ListItem","position":1,"name":"In\u00edcio","item":"https:\/\/capobiancofisioterapia.com.br\/produtos\/"},{"@type":"ListItem","position":2,"name":"Produtos","item":"https:\/\/capobiancofisioterapia.com.br\/produtos\/"},{"@type":"ListItem","position":3,"name":"Travesseiro Dorsal\/Lateral"}]},{"@type":"WebSite","@id":"https:\/\/capobiancofisioterapia.com.br\/produtos\/#website","url":"https:\/\/capobiancofisioterapia.com.br\/produtos\/","name":"Bruna Capobianco","description":"Transformando as incapacidades em possibilidades","potentialAction":[{"@type":"SearchAction","target":{"@type":"EntryPoint","urlTemplate":"https:\/\/capobiancofisioterapia.com.br\/produtos\/?s={search_term_string}"},"query-input":{"@type":"PropertyValueSpecification","valueRequired":true,"valueName":"search_term_string"}}],"inLanguage":"pt-BR"}]}},"_links":{"self":[{"href":"https:\/\/capobiancofisioterapia.com.br\/produtos\/wp-json\/wp\/v2\/product\/777"}],"collection":[{"href":"https:\/\/capobiancofisioterapia.com.br\/produtos\/wp-json\/wp\/v2\/product"}],"about":[{"href":"https:\/\/capobiancofisioterapia.com.br\/produtos\/wp-json\/wp\/v2\/types\/product"}],"replies":[{"embeddable":true,"href":"https:\/\/capobiancofisioterapia.com.br\/produtos\/wp-json\/wp\/v2\/comments?post=777"}],"wp:featuredmedia":[{"embeddable":true,"href":"https:\/\/capobiancofisioterapia.com.br\/produtos\/wp-json\/wp\/v2\/media\/816"}],"wp:attachment":[{"href":"https:\/\/capobiancofisioterapia.com.br\/produtos\/wp-json\/wp\/v2\/media?parent=777"}],"wp:term":[{"taxonomy":"product_brand","embeddable":true,"href":"https:\/\/capobiancofisioterapia.com.br\/produtos\/wp-json\/wp\/v2\/product_brand?post=777"},{"taxonomy":"product_cat","embeddable":true,"href":"https:\/\/capobiancofisioterapia.com.br\/produtos\/wp-json\/wp\/v2\/product_cat?post=777"},{"taxonomy":"product_tag","embeddable":true,"href":"https:\/\/capobiancofisioterapia.com.br\/produtos\/wp-json\/wp\/v2\/product_tag?post=777"}],"curies":[{"name":"wp","href":"https:\/\/api.w.org\/{rel}","templated":true}]}}